{"id":371,"date":"2022-03-31T00:57:40","date_gmt":"2022-03-30T22:57:40","guid":{"rendered":"https:\/\/lidellhp.uber.space\/?page_id=371"},"modified":"2023-01-07T05:49:06","modified_gmt":"2023-01-07T04:49:06","slug":"umweltpaedagogische-angebote-der-stadt","status":"publish","type":"page","link":"https:\/\/www.lidellschule.de\/?page_id=371","title":{"rendered":"Umweltp\u00e4dagogische Angebote der Stadt"},"content":{"rendered":"\n<p>Die Umwelt\u00adbil\u00addung &#8211; schulische wie au\u00dfer\u00adschu\u00adli\u00adsche &#8211; hat in Karls\u00adruhe einen hohen Stellen\u00adwert. Zahl\u00adrei\u00adche Stellen bieten umwelt\u00adp\u00e4d\u00adago\u00adgi\u00adsche Unter\u00adst\u00fct\u00adzung an und halten Infor\u00adma\u00adti\u00adons\u00adma\u00adte\u00adria\u00adlen bereit.<\/p>\n\n\n\n<p>Unter folgenden Stichpunkten finden sich die Bildungsangebote, welche die Karlsruher Schulen nutzen k\u00f6nnen:<\/p>\n\n\n\n<p><strong>Gemeinsam Natur und Umwelt entdecken<\/strong><\/p>\n\n\n\n<p>Mit der Gr\u00fcndung des Karlsruher Netzwerkes f\u00fcr Natur- und Umwelt\u00adbil\u00addung wird durch die B\u00fcndelung der Angebote eine zentrale Plattform f\u00fcr die verschie\u00adde\u00adnen Bildungs- und Erleb\u00adni\u00ads\u00adan\u00adge\u00adbote der Koope\u00adra\u00adti\u00adons\u00adpart\u00adner*innen einge\u00adrich\u00adtet. Mitglieder des Netzwerks sind beispielsweise die Kinderuni des KIT, der Nationalpark Schwarzwald oder das Naturkundemuseum.<\/p>\n\n\n\n<p><strong>Betreute Bildungsangebote<\/strong><\/p>\n\n\n\n<p>Die Karlsruher Schulen erhalten p\u00e4dago\u00adgi\u00adsche Unter\u00adst\u00fct\u00adzung zu um\u00adwelt\u00adre\u00adle\u00advan\u00adten Themen durch externe Fachkr\u00e4fte. Die Schulen k\u00f6nnen aus einem Themen\u00adka\u00adta\u00adlog ein f\u00fcr sie inter\u00adessan\u00adtes Thema \u00adaus\u00adw\u00e4h\u00adlen und eine entspre\u00adchen\u00adde Un\u00adter\u00adrichts\u00adein\u00adheit anfordern.<\/p>\n\n\n\n<p><strong>Angebote auf eigene Faust<\/strong><\/p>\n\n\n\n<p>Auf eigenen Faust k\u00f6nnen Lehrkr\u00e4fte mit ihren Klassen beschilderte Lehrpfade zu Fu\u00df oder mit dem Fahrrad erkunden.<\/p>\n\n\n\n<p><strong>Lernkoffer, Solarkocher &amp; Co.<\/strong><\/p>\n\n\n\n<p>Lehrkr\u00e4fte haben die M\u00f6glichkeit, Lernkoffer zu Themen wie z. B. Kochen mit dem Solarkocher, Stadtentwicklung und Fl\u00e4chenmanagement, Klimaschutz, Entdeckertour an der Alb u. a. auszuleihen und im Unterricht einzusetzen.<\/p>\n\n\n\n<p><strong>Au\u00dferschulische Lernorte<\/strong><\/p>\n\n\n\n<p>Hier k\u00f6nnen Schulklassen im Rahmen des Unterrichts Exkursionsorte wie beispielsweise den Energieberg der Deponie West, die Falknerei Karlsruhe oder den Weltladen Karlsruhe besuchen.<\/p>\n\n\n\n<p>Weitere Informationen zu den einzelnen Stichpunkten finden Sie unter:<\/p>\n\n\n\n<p><\/p>\n\n\n\n<p><a href=\"https:\/\/www.karlsruhe.de\/umwelt-klima\/umweltbildung-engagement\">https:\/\/www.karlsruhe.de\/umwelt-klima\/umweltbildung-engagement<\/a><\/p>\n\n\n\n<p><\/p>\n\n\n<button id=\"listenButton1\" class=\"responsivevoice-button\" type=\"button\" value=\"Play\" title=\"ResponsiveVoice Tap to Start\/Stop Speech\"><span>&#128266; Beitrag vorlesen<\/span><\/button>\n        <script>\n            listenButton1.onclick = function(){\n                if(responsiveVoice.isPlaying()){\n                    responsiveVoice.cancel();\n                }else{\n                    responsiveVoice.speak(\"Die Umwelt\u00adbil\u00addung - schulische wie au\u00dfer\u00adschu\u00adli\u00adsche - hat in Karls\u00adruhe einen hohen Stellen\u00adwert. Zahl\u00adrei\u00adche Stellen bieten umwelt\u00adp\u00e4d\u00adago\u00adgi\u00adsche Unter\u00adst\u00fct\u00adzung an und halten Infor\u00adma\u00adti\u00adons\u00adma\u00adte\u00adria\u00adlen bereit. Unter folgenden Stichpunkten finden sich die Bildungsangebote, welche die Karlsruher Schulen nutzen k\u00f6nnen: Gemeinsam Natur und Umwelt entdecken Mit der Gr\u00fcndung des Karlsruher Netzwerkes f\u00fcr Natur- und Umwelt\u00adbil\u00addung wird durch die B\u00fcndelung der Angebote eine zentrale Plattform f\u00fcr die verschie\u00adde\u00adnen Bildungs- und Erleb\u00adni\u00ads\u00adan\u00adge\u00adbote der Koope\u00adra\u00adti\u00adons\u00adpart\u00adner*innen einge\u00adrich\u00adtet. Mitglieder des Netzwerks sind beispielsweise die Kinderuni des KIT, der Nationalpark Schwarzwald oder das Naturkundemuseum. Betreute Bildungsangebote Die Karlsruher Schulen erhalten p\u00e4dago\u00adgi\u00adsche Unter\u00adst\u00fct\u00adzung zu um\u00adwelt\u00adre\u00adle\u00advan\u00adten Themen durch externe Fachkr\u00e4fte. Die Schulen k\u00f6nnen aus einem Themen\u00adka\u00adta\u00adlog ein f\u00fcr sie inter\u00adessan\u00adtes Thema \u00adaus\u00adw\u00e4h\u00adlen und eine entspre\u00adchen\u00adde Un\u00adter\u00adrichts\u00adein\u00adheit anfordern. Angebote auf eigene Faust Auf eigenen Faust k\u00f6nnen Lehrkr\u00e4fte mit ihren Klassen beschilderte Lehrpfade zu Fu\u00df oder mit dem Fahrrad erkunden. Lernkoffer, Solarkocher & Co. Lehrkr\u00e4fte haben die M\u00f6glichkeit, Lernkoffer zu Themen wie z. B. Kochen mit dem Solarkocher, Stadtentwicklung und Fl\u00e4chenmanagement, Klimaschutz, Entdeckertour an der Alb u. a. auszuleihen und im Unterricht einzusetzen. Au\u00dferschulische Lernorte Hier k\u00f6nnen Schulklassen im Rahmen des Unterrichts Exkursionsorte wie beispielsweise den Energieberg der Deponie West, die Falknerei Karlsruhe oder den Weltladen Karlsruhe besuchen. Weitere Informationen zu den einzelnen Stichpunkten finden Sie unter: https:\/\/www.karlsruhe.de\/umwelt-klima\/umweltbildung-engagement\", \"Deutsch Female\");\n                }\n            };\n        <\/script>\n    \n","protected":false},"excerpt":{"rendered":"<p>Die Umwelt\u00adbil\u00addung &#8211; schulische wie au\u00dfer\u00adschu\u00adli\u00adsche &#8211; hat in Karls\u00adruhe einen hohen Stellen\u00adwert. Zahl\u00adrei\u00adche Stellen bieten umwelt\u00adp\u00e4d\u00adago\u00adgi\u00adsche Unter\u00adst\u00fct\u00adzung an und halten Infor\u00adma\u00adti\u00adons\u00adma\u00adte\u00adria\u00adlen bereit. Unter folgenden Stichpunkten finden sich die Bildungsangebote, welche die Karlsruher Schulen nutzen k\u00f6nnen: Gemeinsam Natur und Umwelt entdecken Mit der Gr\u00fcndung des Karlsruher Netzwerkes f\u00fcr Natur- und Umwelt\u00adbil\u00addung wird durch die B\u00fcndelung der Angebote eine zentrale Plattform<\/p>\n<p><a class=\"more-link\" href=\"https:\/\/www.lidellschule.de\/?page_id=371\">Weiterlesen<\/a><\/p>\n","protected":false},"author":1,"featured_media":0,"parent":0,"menu_order":0,"comment_status":"closed","ping_status":"closed","template":"","meta":{"footnotes":""},"class_list":["post-371","page","type-page","status-publish","hentry"],"_links":{"self":[{"href":"https:\/\/www.lidellschule.de\/index.php?rest_route=\/wp\/v2\/pages\/371","targetHints":{"allow":["GET"]}}],"collection":[{"href":"https:\/\/www.lidellschule.de\/index.php?rest_route=\/wp\/v2\/pages"}],"about":[{"href":"https:\/\/www.lidellschule.de\/index.php?rest_route=\/wp\/v2\/types\/page"}],"author":[{"embeddable":true,"href":"https:\/\/www.lidellschule.de\/index.php?rest_route=\/wp\/v2\/users\/1"}],"replies":[{"embeddable":true,"href":"https:\/\/www.lidellschule.de\/index.php?rest_route=%2Fwp%2Fv2%2Fcomments&post=371"}],"version-history":[{"count":4,"href":"https:\/\/www.lidellschule.de\/index.php?rest_route=\/wp\/v2\/pages\/371\/revisions"}],"predecessor-version":[{"id":768,"href":"https:\/\/www.lidellschule.de\/index.php?rest_route=\/wp\/v2\/pages\/371\/revisions\/768"}],"wp:attachment":[{"href":"https:\/\/www.lidellschule.de\/index.php?rest_route=%2Fwp%2Fv2%2Fmedia&parent=371"}],"curies":[{"name":"wp","href":"https:\/\/api.w.org\/{rel}","templated":true}]}}