{"id":369,"date":"2022-03-31T00:56:38","date_gmt":"2022-03-30T22:56:38","guid":{"rendered":"https:\/\/lidellhp.uber.space\/?page_id=369"},"modified":"2023-01-07T05:50:32","modified_gmt":"2023-01-07T04:50:32","slug":"sparkasse-karlsruhe","status":"publish","type":"page","link":"https:\/\/www.lidellschule.de\/?page_id=369","title":{"rendered":"Sparkasse Karlsruhe"},"content":{"rendered":"\n<p>Die Jugendstiftung der Sparkasse Karlsruhe wurde im September 1985 gegr\u00fcndet. Ihr Ziel ist es, die Kinder und Jugendlichen im Gesch\u00e4ftsgebiet der Sparkasse in sportlichen, kulturellen und sozialen Bereichen zu f\u00f6rdern. Gepr\u00e4gt ist ihre T\u00e4tigkeit seit Beginn durch einzelne, schwerpunktm\u00e4\u00dfige Projekte.<\/p>\n\n\n\n<p>Zwei Sportevents bilden allj\u00e4hrlich Anfang und Ende des Stiftungsjahres: Die Sch\u00fcler-Leichtathletik-Meisterschaften und die Sch\u00fcler-Schwimm-Meisterschaften. Zwischen diesen beiden traditionsreichen Turnieren liegt eine bunte Vielfalt an Ausstellungen, Chorprojekten, Seminaren, kreativen Workshops, naturwissenschaftlichen Experimenten, weiteren Sportveranstaltungen und dergleichen mehr. Zehntausende von Kindern und Jugendlichen, vom Kindergarten bis zum Abitur, haben seit der Gr\u00fcndung der Jugendstiftung an den Projekten teilgenommen.<\/p>\n\n\n\n<p><a href=\"https:\/\/sparkassenstiftungen-ka.de\/jugendstiftung\/\">https:\/\/sparkassenstiftungen-ka.de\/jugendstiftung\/<\/a><\/p>\n\n\n<button id=\"listenButton1\" class=\"responsivevoice-button\" type=\"button\" value=\"Play\" title=\"ResponsiveVoice Tap to Start\/Stop Speech\"><span>&#128266; Beitrag vorlesen<\/span><\/button>\n        <script>\n            listenButton1.onclick = function(){\n                if(responsiveVoice.isPlaying()){\n                    responsiveVoice.cancel();\n                }else{\n                    responsiveVoice.speak(\"Die Jugendstiftung der Sparkasse Karlsruhe wurde im September 1985 gegr\u00fcndet. Ihr Ziel ist es, die Kinder und Jugendlichen im Gesch\u00e4ftsgebiet der Sparkasse in sportlichen, kulturellen und sozialen Bereichen zu f\u00f6rdern. Gepr\u00e4gt ist ihre T\u00e4tigkeit seit Beginn durch einzelne, schwerpunktm\u00e4\u00dfige Projekte. Zwei Sportevents bilden allj\u00e4hrlich Anfang und Ende des Stiftungsjahres: Die Sch\u00fcler-Leichtathletik-Meisterschaften und die Sch\u00fcler-Schwimm-Meisterschaften. Zwischen diesen beiden traditionsreichen Turnieren liegt eine bunte Vielfalt an Ausstellungen, Chorprojekten, Seminaren, kreativen Workshops, naturwissenschaftlichen Experimenten, weiteren Sportveranstaltungen und dergleichen mehr. Zehntausende von Kindern und Jugendlichen, vom Kindergarten bis zum Abitur, haben seit der Gr\u00fcndung der Jugendstiftung an den Projekten teilgenommen. https:\/\/sparkassenstiftungen-ka.de\/jugendstiftung\/\", \"Deutsch Female\");\n                }\n            };\n        <\/script>\n    \n","protected":false},"excerpt":{"rendered":"<p>Die Jugendstiftung der Sparkasse Karlsruhe wurde im September 1985 gegr\u00fcndet. Ihr Ziel ist es, die Kinder und Jugendlichen im Gesch\u00e4ftsgebiet der Sparkasse in sportlichen, kulturellen und sozialen Bereichen zu f\u00f6rdern. Gepr\u00e4gt ist ihre T\u00e4tigkeit seit Beginn durch einzelne, schwerpunktm\u00e4\u00dfige Projekte. Zwei Sportevents bilden allj\u00e4hrlich Anfang und Ende des Stiftungsjahres: Die Sch\u00fcler-Leichtathletik-Meisterschaften und die Sch\u00fcler-Schwimm-Meisterschaften. Zwischen diesen beiden traditionsreichen Turnieren liegt<\/p>\n<p><a class=\"more-link\" href=\"https:\/\/www.lidellschule.de\/?page_id=369\">Weiterlesen<\/a><\/p>\n","protected":false},"author":1,"featured_media":0,"parent":0,"menu_order":0,"comment_status":"closed","ping_status":"closed","template":"","meta":{"footnotes":""},"class_list":["post-369","page","type-page","status-publish","hentry"],"_links":{"self":[{"href":"https:\/\/www.lidellschule.de\/index.php?rest_route=\/wp\/v2\/pages\/369","targetHints":{"allow":["GET"]}}],"collection":[{"href":"https:\/\/www.lidellschule.de\/index.php?rest_route=\/wp\/v2\/pages"}],"about":[{"href":"https:\/\/www.lidellschule.de\/index.php?rest_route=\/wp\/v2\/types\/page"}],"author":[{"embeddable":true,"href":"https:\/\/www.lidellschule.de\/index.php?rest_route=\/wp\/v2\/users\/1"}],"replies":[{"embeddable":true,"href":"https:\/\/www.lidellschule.de\/index.php?rest_route=%2Fwp%2Fv2%2Fcomments&post=369"}],"version-history":[{"count":3,"href":"https:\/\/www.lidellschule.de\/index.php?rest_route=\/wp\/v2\/pages\/369\/revisions"}],"predecessor-version":[{"id":769,"href":"https:\/\/www.lidellschule.de\/index.php?rest_route=\/wp\/v2\/pages\/369\/revisions\/769"}],"wp:attachment":[{"href":"https:\/\/www.lidellschule.de\/index.php?rest_route=%2Fwp%2Fv2%2Fmedia&parent=369"}],"curies":[{"name":"wp","href":"https:\/\/api.w.org\/{rel}","templated":true}]}}