{"id":341,"date":"2022-03-31T00:38:41","date_gmt":"2022-03-30T22:38:41","guid":{"rendered":"https:\/\/lidellhp.uber.space\/?page_id=341"},"modified":"2025-11-05T14:21:57","modified_gmt":"2025-11-05T13:21:57","slug":"schulsozialarbeit","status":"publish","type":"page","link":"https:\/\/www.lidellschule.de\/?page_id=341","title":{"rendered":"Schulsozialarbeit"},"content":{"rendered":"\n<p><strong>Schulsozialarbeit an der Lidellschule<\/strong><\/p>\n\n\n\n<p>Schulsozialarbeit ist ein Beratungsangebot der Stadt Karlsruhe f\u00fcr die Schulgemeinschaft und unterst\u00fctzt die Sch\u00fcler*innen, Erziehungsberechtigten und das Lehrerkollegium hier an der Schule. Sie tr\u00e4gt der Entwicklung Rechnung, dass Schulen zunehmend vom reinen Lernort zum Lern- und Lebensort werden.<\/p>\n\n\n\n<p>Die Aufgabenschwerpunkte in der Schulsozialarbeit in Karlsruhe sind:<\/p>\n\n\n\n<p>o Beratung und Unterst\u00fctzung von Sch\u00fcler*innen und Eltern bei schulischen und<\/p>\n\n\n\n<p>individuellen Anliegen. Die Beratungsgespr\u00e4che sind freiwillig, vertraulich und<\/p>\n\n\n\n<p>kostenlos.<\/p>\n\n\n\n<p>o Beratung und Unterst\u00fctzung von Lehrkr\u00e4ften bei Konflikten, Auff\u00e4lligkeiten<\/p>\n\n\n\n<p>und gruppendynamischen Prozessen in Klassen sowie bei Fragen zum Kinder-<\/p>\n\n\n\n<p>und Jugendschutz.<\/p>\n\n\n\n<p>o Unterst\u00fctzung der Schule durch Projektarbeit mit Themen wie Pr\u00e4vention,<\/p>\n\n\n\n<p>Sozialkompetenz und St\u00e4rkung der Klassengemeinschaft sowie Hilfe bei<\/p>\n\n\n\n<p>Konflikten in der Klasse. Die Themenauflistung ist nicht abschlie\u00dfend. Hier<\/p>\n\n\n\n<p>verf\u00fcgt die Schulsozialarbeit \u00fcber eigene finanzielle Mittel.<\/p>\n\n\n\n<p>o Netzwerkarbeit im Kontakt mit Vereinen und Jugendeinrichtungen im Stadtteil.<\/p>\n\n\n\n<p>Sie erreichen die Schulsozialarbeit an der&nbsp;<strong>Lidellschule<\/strong>:<\/p>\n\n\n\n<p>Fachkraft der Schulsozialarbeit: Caroline Lambert<\/p>\n\n\n\n<p>Raum: 77<\/p>\n\n\n\n<p>Telefon: 0721-133-4474<\/p>\n\n\n\n<p>Sprechzeiten: Mittwoch bis Freitag 8.30 Uhr bis 14.00 Uhr<\/p>\n\n\n\n<p>E-Mail:&nbsp;<a href=\"mailto:schuso.lidell@sjb.karlsruhe.de\">schuso.lidell@sjb.karlsruhe.de<\/a><\/p>\n\n\n\n<p>Als Abteilung des Fachbereiches Jugendhilfe und Soziale Dienste innerhalb der Sozial-<\/p>\n\n\n\n<p>und Jugendbeh\u00f6rde der Stadt Karlsruhe ist die Schulsozialarbeit ein wesentlicher Teil der&nbsp;Jugendsozialarbeit.<\/p>\n\n\n\n<p>Weitere Informationen dar\u00fcber gibt es unter:<\/p>\n\n\n\n<p><\/p>\n\n\n\n<p><a href=\"https:\/\/www.karlsruhe.de\/schuso\">https:\/\/www.karlsruhe.de\/schuso<\/a><\/p>\n\n\n\n<p><a href=\"https:\/\/www.karlsruhe.de\/impressum\">https:\/\/www.karlsruhe.de\/impressum<\/a><\/p>\n\n\n\n<p><\/p>\n\n\n\n<hr class=\"wp-block-separator has-alpha-channel-opacity\"\/>\n\n\n\n<p class=\"has-text-align-center\"><a href=\"https:\/\/schulsozialarbeit.karlsruhe.de\/Eltern-Fachkraefte\/Jahresberichte\/Lidellschule_2024-2025.pdf\">Hier geht es zum aktuellen Jahresbericht Schulsozialarbeit<br>Lidell-Schule \u2013 Schuljahr 2024\/2025<\/a><\/p>\n\n\n\n<hr class=\"wp-block-separator has-alpha-channel-opacity\"\/>\n\n\n\n<p><\/p>\n\n\n<button id=\"listenButton1\" class=\"responsivevoice-button\" type=\"button\" value=\"Play\" title=\"ResponsiveVoice Tap to Start\/Stop Speech\"><span>&#128266; Beitrag vorlesen<\/span><\/button>\n        <script>\n            listenButton1.onclick = function(){\n                if(responsiveVoice.isPlaying()){\n                    responsiveVoice.cancel();\n                }else{\n                    responsiveVoice.speak(\"Schulsozialarbeit an der Lidellschule Schulsozialarbeit ist ein Beratungsangebot der Stadt Karlsruhe f\u00fcr die Schulgemeinschaft und unterst\u00fctzt die Sch\u00fcler*innen, Erziehungsberechtigten und das Lehrerkollegium hier an der Schule. Sie tr\u00e4gt der Entwicklung Rechnung, dass Schulen zunehmend vom reinen Lernort zum Lern- und Lebensort werden. Die Aufgabenschwerpunkte in der Schulsozialarbeit in Karlsruhe sind: o Beratung und Unterst\u00fctzung von Sch\u00fcler*innen und Eltern bei schulischen und individuellen Anliegen. Die Beratungsgespr\u00e4che sind freiwillig, vertraulich und kostenlos. o Beratung und Unterst\u00fctzung von Lehrkr\u00e4ften bei Konflikten, Auff\u00e4lligkeiten und gruppendynamischen Prozessen in Klassen sowie bei Fragen zum Kinder- und Jugendschutz. o Unterst\u00fctzung der Schule durch Projektarbeit mit Themen wie Pr\u00e4vention, Sozialkompetenz und St\u00e4rkung der Klassengemeinschaft sowie Hilfe bei Konflikten in der Klasse. Die Themenauflistung ist nicht abschlie\u00dfend. Hier verf\u00fcgt die Schulsozialarbeit \u00fcber eigene finanzielle Mittel. o Netzwerkarbeit im Kontakt mit Vereinen und Jugendeinrichtungen im Stadtteil. Sie erreichen die Schulsozialarbeit an derLidellschule: Fachkraft der Schulsozialarbeit: Caroline Lambert Raum: 77 Telefon: 0721-133-4474 Sprechzeiten: Mittwoch bis Freitag 8.30 Uhr bis 14.00 Uhr E-Mail:schuso.lidell@sjb.karlsruhe.de Als Abteilung des Fachbereiches Jugendhilfe und Soziale Dienste innerhalb der Sozial- und Jugendbeh\u00f6rde der Stadt Karlsruhe ist die Schulsozialarbeit ein wesentlicher Teil derJugendsozialarbeit. Weitere Informationen dar\u00fcber gibt es unter: https:\/\/www.karlsruhe.de\/schuso https:\/\/www.karlsruhe.de\/impressum Hier geht es zum aktuellen Jahresbericht SchulsozialarbeitLidell-Schule \u2013 Schuljahr 2024\/2025\", \"Deutsch Female\");\n                }\n            };\n        <\/script>\n    \n","protected":false},"excerpt":{"rendered":"<p>Schulsozialarbeit an der Lidellschule Schulsozialarbeit ist ein Beratungsangebot der Stadt Karlsruhe f\u00fcr die Schulgemeinschaft und unterst\u00fctzt die Sch\u00fcler*innen, Erziehungsberechtigten und das Lehrerkollegium hier an der Schule. Sie tr\u00e4gt der Entwicklung Rechnung, dass Schulen zunehmend vom reinen Lernort zum Lern- und Lebensort werden. Die Aufgabenschwerpunkte in der Schulsozialarbeit in Karlsruhe sind: o Beratung und Unterst\u00fctzung von Sch\u00fcler*innen und Eltern bei schulischen<\/p>\n<p><a class=\"more-link\" href=\"https:\/\/www.lidellschule.de\/?page_id=341\">Weiterlesen<\/a><\/p>\n","protected":false},"author":1,"featured_media":0,"parent":0,"menu_order":0,"comment_status":"closed","ping_status":"closed","template":"","meta":{"footnotes":""},"class_list":["post-341","page","type-page","status-publish","hentry"],"_links":{"self":[{"href":"https:\/\/www.lidellschule.de\/index.php?rest_route=\/wp\/v2\/pages\/341","targetHints":{"allow":["GET"]}}],"collection":[{"href":"https:\/\/www.lidellschule.de\/index.php?rest_route=\/wp\/v2\/pages"}],"about":[{"href":"https:\/\/www.lidellschule.de\/index.php?rest_route=\/wp\/v2\/types\/page"}],"author":[{"embeddable":true,"href":"https:\/\/www.lidellschule.de\/index.php?rest_route=\/wp\/v2\/users\/1"}],"replies":[{"embeddable":true,"href":"https:\/\/www.lidellschule.de\/index.php?rest_route=%2Fwp%2Fv2%2Fcomments&post=341"}],"version-history":[{"count":10,"href":"https:\/\/www.lidellschule.de\/index.php?rest_route=\/wp\/v2\/pages\/341\/revisions"}],"predecessor-version":[{"id":1245,"href":"https:\/\/www.lidellschule.de\/index.php?rest_route=\/wp\/v2\/pages\/341\/revisions\/1245"}],"wp:attachment":[{"href":"https:\/\/www.lidellschule.de\/index.php?rest_route=%2Fwp%2Fv2%2Fmedia&parent=341"}],"curies":[{"name":"wp","href":"https:\/\/api.w.org\/{rel}","templated":true}]}}