{"id":337,"date":"2022-03-31T00:34:23","date_gmt":"2022-03-30T22:34:23","guid":{"rendered":"https:\/\/lidellhp.uber.space\/?page_id=337"},"modified":"2025-07-13T20:10:10","modified_gmt":"2025-07-13T18:10:10","slug":"formulare-2","status":"publish","type":"page","link":"https:\/\/www.lidellschule.de\/?page_id=337","title":{"rendered":"Formulare"},"content":{"rendered":"\n<p>Zum Herunterladen:<\/p>\n\n\n\n<p><strong><a href=\"https:\/\/www.lidellschule.de\/wp-content\/uploads\/2025\/05\/Einverstandniserklarung_neu-2.pdf\">01 Einverst\u00e4ndnis der Erziehungsberechtigten zur Kooperation<\/a><\/strong><\/p>\n\n\n\n<p><strong><a href=\"https:\/\/www.lidellschule.de\/wp-content\/uploads\/2025\/07\/02-Infobogen-der-Klassenlehrkraft_aktuell.pdf\" data-type=\"link\" data-id=\"https:\/\/www.lidellschule.de\/wp-content\/uploads\/2025\/07\/02-Infobogen-der-Klassenlehrkraft_aktuell.pdf\">02 Infobogen der Klassenlehrkraft<\/a><\/strong><\/p>\n\n\n\n<p><a href=\"https:\/\/www.lidellschule.de\/wp-content\/uploads\/2023\/01\/Pad_Bericht-_Entwicklungsbricht.docx\">03 P\u00e4dagogischer Bericht&nbsp;&#8211; Entwicklungsbericht<\/a>&nbsp; &nbsp; &nbsp; &nbsp; &nbsp; &nbsp; &nbsp;  (in Ihrem Downloadordner)<\/p>\n\n\n\n<p><a href=\"https:\/\/www.lidellschule.de\/wp-content\/uploads\/2023\/01\/Padagogischer_Bericht_allgemeine_Schule-1.docx\">04 P\u00e4dagogischer Bericht \/ Vereinfachtes Verfahren<\/a>&nbsp; &nbsp; &nbsp; &nbsp;(in Ihrem Downloadordner)<\/p>\n\n\n\n<p><a href=\"https:\/\/www.lidellschule.de\/wp-content\/uploads\/2023\/01\/Antrag_Sorgeberechtigte-Prufung_SBA.docx\">05 Antrag der Erziehungsberechtigten&nbsp;<\/a> &nbsp; &nbsp;&nbsp; &nbsp; &nbsp; &nbsp; &nbsp; &nbsp; &nbsp; &nbsp; &nbsp; &nbsp;      &nbsp;  (in Ihrem Downloadordner)<\/p>\n\n\n\n<p><a href=\"https:\/\/www.lidellschule.de\/wp-content\/uploads\/2023\/01\/2019-06-12_Sopaedie-Einwilligungserklaerung-der-Erziehungsberechtigten_einholen-und-weitergeben.docx\">06 Einwilligungserkl\u00e4rung der Sorgeberechtigten&nbsp; <\/a>&nbsp; &nbsp; &nbsp; &nbsp;  (in Ihrem Downloadordner)&nbsp;&nbsp;&nbsp;<\/p>\n\n\n<button id=\"listenButton1\" class=\"responsivevoice-button\" type=\"button\" value=\"Play\" title=\"ResponsiveVoice Tap to Start\/Stop Speech\"><span>&#128266; Beitrag vorlesen<\/span><\/button>\n        <script>\n            listenButton1.onclick = function(){\n                if(responsiveVoice.isPlaying()){\n                    responsiveVoice.cancel();\n                }else{\n                    responsiveVoice.speak(\"Zum Herunterladen: 01 Einverst\u00e4ndnis der Erziehungsberechtigten zur Kooperation 02 Infobogen der Klassenlehrkraft 03 P\u00e4dagogischer Bericht- Entwicklungsbericht (in Ihrem Downloadordner) 04 P\u00e4dagogischer Bericht \/ Vereinfachtes Verfahren (in Ihrem Downloadordner) 05 Antrag der Erziehungsberechtigten (in Ihrem Downloadordner) 06 Einwilligungserkl\u00e4rung der Sorgeberechtigten (in Ihrem Downloadordner)\", \"Deutsch Female\");\n                }\n            };\n        <\/script>\n    \n","protected":false},"excerpt":{"rendered":"<p>Zum Herunterladen: 01 Einverst\u00e4ndnis der Erziehungsberechtigten zur Kooperation 02 Infobogen der Klassenlehrkraft 03 P\u00e4dagogischer Bericht&nbsp;&#8211; Entwicklungsbericht&nbsp; &nbsp; &nbsp; &nbsp; &nbsp; &nbsp; &nbsp; (in Ihrem Downloadordner) 04 P\u00e4dagogischer Bericht \/ Vereinfachtes Verfahren&nbsp; &nbsp; &nbsp; &nbsp;(in Ihrem Downloadordner) 05 Antrag der Erziehungsberechtigten&nbsp; &nbsp; &nbsp;&nbsp; &nbsp; &nbsp; &nbsp; &nbsp; &nbsp; &nbsp; &nbsp; &nbsp; &nbsp; &nbsp; (in Ihrem Downloadordner) 06 Einwilligungserkl\u00e4rung der Sorgeberechtigten&nbsp; &nbsp;<\/p>\n<p><a class=\"more-link\" href=\"https:\/\/www.lidellschule.de\/?page_id=337\">Weiterlesen<\/a><\/p>\n","protected":false},"author":1,"featured_media":0,"parent":0,"menu_order":0,"comment_status":"closed","ping_status":"closed","template":"","meta":{"footnotes":""},"class_list":["post-337","page","type-page","status-publish","hentry"],"_links":{"self":[{"href":"https:\/\/www.lidellschule.de\/index.php?rest_route=\/wp\/v2\/pages\/337","targetHints":{"allow":["GET"]}}],"collection":[{"href":"https:\/\/www.lidellschule.de\/index.php?rest_route=\/wp\/v2\/pages"}],"about":[{"href":"https:\/\/www.lidellschule.de\/index.php?rest_route=\/wp\/v2\/types\/page"}],"author":[{"embeddable":true,"href":"https:\/\/www.lidellschule.de\/index.php?rest_route=\/wp\/v2\/users\/1"}],"replies":[{"embeddable":true,"href":"https:\/\/www.lidellschule.de\/index.php?rest_route=%2Fwp%2Fv2%2Fcomments&post=337"}],"version-history":[{"count":14,"href":"https:\/\/www.lidellschule.de\/index.php?rest_route=\/wp\/v2\/pages\/337\/revisions"}],"predecessor-version":[{"id":1175,"href":"https:\/\/www.lidellschule.de\/index.php?rest_route=\/wp\/v2\/pages\/337\/revisions\/1175"}],"wp:attachment":[{"href":"https:\/\/www.lidellschule.de\/index.php?rest_route=%2Fwp%2Fv2%2Fmedia&parent=337"}],"curies":[{"name":"wp","href":"https:\/\/api.w.org\/{rel}","templated":true}]}}