{"id":263,"date":"2022-03-28T21:34:17","date_gmt":"2022-03-28T19:34:17","guid":{"rendered":"https:\/\/lidellhp.uber.space\/?page_id=263"},"modified":"2024-11-08T13:03:22","modified_gmt":"2024-11-08T12:03:22","slug":"smv","status":"publish","type":"page","link":"https:\/\/www.lidellschule.de\/?page_id=263","title":{"rendered":"SMV"},"content":{"rendered":"\n<p>S<strong>MV &#8211; S<\/strong>ch\u00fcler&nbsp;<strong>M<\/strong>it&nbsp;<strong>V<\/strong>erantwortung<\/p>\n\n\n\n<p>An unserer Schule treffen sich regelm\u00e4\u00dfig alle gew\u00e4hlten Klassensprecher:innen und deren Stellvertreter:innen mit dem Verbindungslehrer zur SMV-Sitzung.\u00a0Dort werden Probleme, W\u00fcnsche und Anregungen besprochen und bearbeitet, um den Schulalltag f\u00fcr die Sch\u00fcler:innen zu verbessern.\u00a0<\/p>\n\n\n\n<p><\/p>\n\n\n\n<p>Unser Verbindungslehrer ist Herr Schlesinger<\/p>\n\n\n\n<p><\/p>\n\n\n\n<p><strong>Aktionen:<\/strong>&nbsp;Faschingsdisco,&nbsp;Rosenverkauf am Valentinstag,<\/p>\n\n\n\n<p>&nbsp; &nbsp; &nbsp; &nbsp; &nbsp; &nbsp; &nbsp; &nbsp; &nbsp; &nbsp; regelm\u00e4\u00dfige&nbsp;Spieleausleihe in der 2.Hofpause,<\/p>\n\n\n\n<p>&nbsp; &nbsp; &nbsp; &nbsp; &nbsp; &nbsp; &nbsp; &nbsp; &nbsp; &nbsp; Durchf\u00fchrung der LSBR-Wahl, Ideensammlung zur<\/p>\n\n\n\n<p>\u00a0 \u00a0 \u00a0 \u00a0 \u00a0 \u00a0 \u00a0 \u00a0 \u00a0 \u00a0 besseren M\u00fclltrennung, u.v.a.m.<\/p>\n\n\n<button id=\"listenButton1\" class=\"responsivevoice-button\" type=\"button\" value=\"Play\" title=\"ResponsiveVoice Tap to Start\/Stop Speech\"><span>&#128266; Beitrag vorlesen<\/span><\/button>\n        <script>\n            listenButton1.onclick = function(){\n                if(responsiveVoice.isPlaying()){\n                    responsiveVoice.cancel();\n                }else{\n                    responsiveVoice.speak(\"SMV - Sch\u00fclerMitVerantwortung An unserer Schule treffen sich regelm\u00e4\u00dfig alle gew\u00e4hlten Klassensprecher:innen und deren Stellvertreter:innen mit dem Verbindungslehrer zur SMV-Sitzung.\u00a0Dort werden Probleme, W\u00fcnsche und Anregungen besprochen und bearbeitet, um den Schulalltag f\u00fcr die Sch\u00fcler:innen zu verbessern.\u00a0 Unser Verbindungslehrer ist Herr Schlesinger Aktionen:Faschingsdisco,Rosenverkauf am Valentinstag, regelm\u00e4\u00dfigeSpieleausleihe in der 2.Hofpause, Durchf\u00fchrung der LSBR-Wahl, Ideensammlung zur \u00a0 \u00a0 \u00a0 \u00a0 \u00a0 \u00a0 \u00a0 \u00a0 \u00a0 \u00a0 besseren M\u00fclltrennung, u.v.a.m.\", \"Deutsch Female\");\n                }\n            };\n        <\/script>\n    \n","protected":false},"excerpt":{"rendered":"<p>SMV &#8211; Sch\u00fcler&nbsp;Mit&nbsp;Verantwortung An unserer Schule treffen sich regelm\u00e4\u00dfig alle gew\u00e4hlten Klassensprecher:innen und deren Stellvertreter:innen mit dem Verbindungslehrer zur SMV-Sitzung.\u00a0Dort werden Probleme, W\u00fcnsche und Anregungen besprochen und bearbeitet, um den Schulalltag f\u00fcr die Sch\u00fcler:innen zu verbessern.\u00a0 Unser Verbindungslehrer ist Herr Schlesinger Aktionen:&nbsp;Faschingsdisco,&nbsp;Rosenverkauf am Valentinstag, &nbsp; &nbsp; &nbsp; &nbsp; &nbsp; &nbsp; &nbsp; &nbsp; &nbsp; &nbsp; regelm\u00e4\u00dfige&nbsp;Spieleausleihe in der 2.Hofpause, &nbsp; &nbsp;<\/p>\n<p><a class=\"more-link\" href=\"https:\/\/www.lidellschule.de\/?page_id=263\">Weiterlesen<\/a><\/p>\n","protected":false},"author":1,"featured_media":0,"parent":0,"menu_order":0,"comment_status":"closed","ping_status":"closed","template":"","meta":{"footnotes":""},"class_list":["post-263","page","type-page","status-publish","hentry"],"_links":{"self":[{"href":"https:\/\/www.lidellschule.de\/index.php?rest_route=\/wp\/v2\/pages\/263","targetHints":{"allow":["GET"]}}],"collection":[{"href":"https:\/\/www.lidellschule.de\/index.php?rest_route=\/wp\/v2\/pages"}],"about":[{"href":"https:\/\/www.lidellschule.de\/index.php?rest_route=\/wp\/v2\/types\/page"}],"author":[{"embeddable":true,"href":"https:\/\/www.lidellschule.de\/index.php?rest_route=\/wp\/v2\/users\/1"}],"replies":[{"embeddable":true,"href":"https:\/\/www.lidellschule.de\/index.php?rest_route=%2Fwp%2Fv2%2Fcomments&post=263"}],"version-history":[{"count":6,"href":"https:\/\/www.lidellschule.de\/index.php?rest_route=\/wp\/v2\/pages\/263\/revisions"}],"predecessor-version":[{"id":1070,"href":"https:\/\/www.lidellschule.de\/index.php?rest_route=\/wp\/v2\/pages\/263\/revisions\/1070"}],"wp:attachment":[{"href":"https:\/\/www.lidellschule.de\/index.php?rest_route=%2Fwp%2Fv2%2Fmedia&parent=263"}],"curies":[{"name":"wp","href":"https:\/\/api.w.org\/{rel}","templated":true}]}}