{"id":252,"date":"2022-03-28T21:29:19","date_gmt":"2022-03-28T19:29:19","guid":{"rendered":"https:\/\/lidellhp.uber.space\/?page_id=252"},"modified":"2024-04-27T00:28:35","modified_gmt":"2024-04-26T22:28:35","slug":"kontakt","status":"publish","type":"page","link":"https:\/\/www.lidellschule.de\/?page_id=252","title":{"rendered":"Kontakt"},"content":{"rendered":"\n<p><strong>&nbsp;So erreichen Sie uns:<\/strong><\/p>\n\n\n\n<p><\/p>\n\n\n\n<p><strong>Lidellschule<br><\/strong>Sonderp\u00e4d. Bildungs- und Beratungszentrum mit F\u00f6rderschwerpunkt Lernen<br>Tullastra\u00dfe 57<br>76131 Karlsruhe<\/p>\n\n\n\n<p><\/p>\n\n\n\n<p>Telefon:  0721 133 4744<\/p>\n\n\n\n<p>Fax: 0721 133 2511<\/p>\n\n\n\n<p><\/p>\n\n\n\n<p>Mail: \u00a0<a href=\"mailto:poststelle@lidellschule-ka.schule.bwl.de\">poststelle@lidellschule-ka.schule.bwl.de<\/a><\/p>\n\n\n\n<p><\/p>\n\n\n\n<p>Unsere Schule befindet sich gegen\u00fcber der Stra\u00dfenbahnhaltestelle Essenweinstra\u00dfe&nbsp;<\/p>\n\n\n\n\n<button id=\"listenButton1\" class=\"responsivevoice-button\" type=\"button\" value=\"Play\" title=\"ResponsiveVoice Tap to Start\/Stop Speech\"><span>&#128266; Beitrag vorlesen<\/span><\/button>\n        <script>\n            listenButton1.onclick = function(){\n                if(responsiveVoice.isPlaying()){\n                    responsiveVoice.cancel();\n                }else{\n                    responsiveVoice.speak(\"So erreichen Sie uns: LidellschuleSonderp\u00e4d. Bildungs- und Beratungszentrum mit F\u00f6rderschwerpunkt LernenTullastra\u00dfe 5776131 Karlsruhe Telefon: 0721 133 4744 Fax: 0721 133 2511 Mail: \u00a0poststelle@lidellschule-ka.schule.bwl.de Unsere Schule befindet sich gegen\u00fcber der Stra\u00dfenbahnhaltestelle Essenweinstra\u00dfe\", \"Deutsch Female\");\n                }\n            };\n        <\/script>\n    \n","protected":false},"excerpt":{"rendered":"<p>&nbsp;So erreichen Sie uns: LidellschuleSonderp\u00e4d. Bildungs- und Beratungszentrum mit F\u00f6rderschwerpunkt LernenTullastra\u00dfe 5776131 Karlsruhe Telefon: 0721 133 4744 Fax: 0721 133 2511 Mail: \u00a0poststelle@lidellschule-ka.schule.bwl.de Unsere Schule befindet sich gegen\u00fcber der Stra\u00dfenbahnhaltestelle Essenweinstra\u00dfe&nbsp;<\/p>\n","protected":false},"author":1,"featured_media":0,"parent":0,"menu_order":0,"comment_status":"closed","ping_status":"closed","template":"","meta":{"footnotes":""},"class_list":["post-252","page","type-page","status-publish","hentry"],"_links":{"self":[{"href":"https:\/\/www.lidellschule.de\/index.php?rest_route=\/wp\/v2\/pages\/252","targetHints":{"allow":["GET"]}}],"collection":[{"href":"https:\/\/www.lidellschule.de\/index.php?rest_route=\/wp\/v2\/pages"}],"about":[{"href":"https:\/\/www.lidellschule.de\/index.php?rest_route=\/wp\/v2\/types\/page"}],"author":[{"embeddable":true,"href":"https:\/\/www.lidellschule.de\/index.php?rest_route=\/wp\/v2\/users\/1"}],"replies":[{"embeddable":true,"href":"https:\/\/www.lidellschule.de\/index.php?rest_route=%2Fwp%2Fv2%2Fcomments&post=252"}],"version-history":[{"count":6,"href":"https:\/\/www.lidellschule.de\/index.php?rest_route=\/wp\/v2\/pages\/252\/revisions"}],"predecessor-version":[{"id":989,"href":"https:\/\/www.lidellschule.de\/index.php?rest_route=\/wp\/v2\/pages\/252\/revisions\/989"}],"wp:attachment":[{"href":"https:\/\/www.lidellschule.de\/index.php?rest_route=%2Fwp%2Fv2%2Fmedia&parent=252"}],"curies":[{"name":"wp","href":"https:\/\/api.w.org\/{rel}","templated":true}]}}