{"id":244,"date":"2022-03-28T21:26:16","date_gmt":"2022-03-28T19:26:16","guid":{"rendered":"https:\/\/lidellhp.uber.space\/?page_id=244"},"modified":"2025-11-25T18:27:47","modified_gmt":"2025-11-25T17:27:47","slug":"kollegium","status":"publish","type":"page","link":"https:\/\/www.lidellschule.de\/?page_id=244","title":{"rendered":"Kollegium"},"content":{"rendered":"\n<p><\/p>\n\n\n\n<p><strong><u>Das Kollegium:<\/u><\/strong><\/p>\n\n\n\n<p><strong>Schuljahr 2025\/26<\/strong><\/p>\n\n\n\n<figure class=\"wp-block-table\"><table class=\"has-fixed-layout\"><tbody><tr><td><strong>Frau Krempel<\/strong><\/td><td><strong>Klasse 1<\/strong><\/td><td><strong>Frau Bernhardt<\/strong><\/td><td><strong>Fachlehrerin Kunst\/Inklusion<\/strong><\/td><\/tr><tr><td><strong>Frau Gla\u00df<\/strong><\/td><td><strong>Klasse 2<\/strong><\/td><td><strong>Frau Sch\u00f6rk<\/strong><\/td><td><strong>Fachlehrerin Technik<\/strong><\/td><\/tr><tr><td><strong>Frau Steimle-Keck<\/strong><\/td><td><strong>Klasse 3<\/strong><\/td><td><strong>Herr Giesecke<\/strong><\/td><td><strong>Inklusion<\/strong><\/td><\/tr><tr><td><strong>Frau Schmidt<\/strong><\/td><td><strong>Klasse 3\/4<\/strong><\/td><td><strong>Herr Imam<\/strong><\/td><td><strong>K-VAB (GSD) Inklusion<\/strong><\/td><\/tr><tr><td><strong>Frau Volz<\/strong><\/td><td><strong>Klasse 4<\/strong><\/td><td><strong>Frau de Friend<\/strong><\/td><td><strong>Inklusion<\/strong><\/td><\/tr><tr><td><strong>Frau Duscher<\/strong><\/td><td><strong>Klasse 5<\/strong><\/td><td><strong>Frau H\u00f6fner<\/strong><\/td><td><strong>Kath. Religionslehrerin<\/strong><\/td><\/tr><tr><td><strong>Frau Masutti <br>Frau Haug<\/strong><\/td><td><strong>Klasse 6a <br>Co-L\u2019in Klasse 6a<\/strong><\/td><td><strong>Frau Raiser<\/strong><\/td><td><strong>Ev. Religionslehrerin<\/strong><\/td><\/tr><tr><td><strong>Frau Pallmer<\/strong> <br><strong>Frau Gei\u00df<\/strong><\/td><td><strong>Au\u00dfenklasse Albschule Klasse 6b<\/strong><\/td><td><br><\/td><td><br><\/td><\/tr><tr><td><strong>Herr Schlesinger<\/strong><\/td><td><strong>Klasse 7<\/strong><\/td><td><br><\/td><td><br><\/td><\/tr><tr><td><strong>Frau Krebs<\/strong><\/td><td><strong>Klasse 8<\/strong><\/td><td><br><\/td><td><br><\/td><\/tr><tr><td><strong>Frau Dufner-Niemann<\/strong><\/td><td><strong>Klasse 9a<\/strong><\/td><td><br><strong>Frau Engelhardt<\/strong><\/td><td><br><strong>P\u00e4d. Assistentin<\/strong><\/td><\/tr><tr><td><strong>Herr Pittler<\/strong><\/td><td><strong>Klasse 9b<\/strong><\/td><td><strong>Herr Usselmann<\/strong><\/td><td><strong>P\u00e4d. Assistent<\/strong><\/td><\/tr><\/tbody><\/table><\/figure>\n\n\n\n<p>Musikp\u00e4dagogin: Frau Reuter<\/p>\n\n\n\n<p>Trainingsraum: Frau Shortt und Frau Bahners<\/p>\n\n\n\n<p>Schulleitung: Herr M. Memmert und Frau B. Masutti<\/p>\n\n\n\n<p>Verwaltung: Frau Bastian<\/p>\n\n\n\n<p>Schulsozialarbeiterin: Frau Lambert<\/p>\n\n\n\n<p>PC-Netzwerk: Herr Giesecke<\/p>\n\n\n\n<p>Homepage: Herr Imam<\/p>\n\n\n\n<p><\/p>\n\n\n\n<figure class=\"wp-block-image size-large\"><img fetchpriority=\"high\" decoding=\"async\" width=\"1024\" height=\"419\" src=\"https:\/\/www.lidellschule.de\/wp-content\/uploads\/2024\/09\/kol3-1024x419.jpg\" alt=\"\" class=\"wp-image-1009\" srcset=\"https:\/\/www.lidellschule.de\/wp-content\/uploads\/2024\/09\/kol3-1024x419.jpg 1024w, https:\/\/www.lidellschule.de\/wp-content\/uploads\/2024\/09\/kol3-300x123.jpg 300w, https:\/\/www.lidellschule.de\/wp-content\/uploads\/2024\/09\/kol3-768x314.jpg 768w, https:\/\/www.lidellschule.de\/wp-content\/uploads\/2024\/09\/kol3-1536x629.jpg 1536w, https:\/\/www.lidellschule.de\/wp-content\/uploads\/2024\/09\/kol3-2048x838.jpg 2048w, https:\/\/www.lidellschule.de\/wp-content\/uploads\/2024\/09\/kol3-800x327.jpg 800w\" sizes=\"(max-width: 1024px) 100vw, 1024px\" \/><\/figure>\n\n\n\n<p><\/p>\n\n\n\n<p><\/p>\n\n\n<button id=\"listenButton1\" class=\"responsivevoice-button\" type=\"button\" value=\"Play\" title=\"ResponsiveVoice Tap to Start\/Stop Speech\"><span>&#128266; Beitrag vorlesen<\/span><\/button>\n        <script>\n            listenButton1.onclick = function(){\n                if(responsiveVoice.isPlaying()){\n                    responsiveVoice.cancel();\n                }else{\n                    responsiveVoice.speak(\"Das Kollegium: Schuljahr 2025\/26 Frau KrempelKlasse 1Frau BernhardtFachlehrerin Kunst\/InklusionFrau Gla\u00dfKlasse 2Frau Sch\u00f6rkFachlehrerin TechnikFrau Steimle-KeckKlasse 3Herr GieseckeInklusionFrau SchmidtKlasse 3\/4Herr ImamK-VAB (GSD) InklusionFrau VolzKlasse 4Frau de FriendInklusionFrau DuscherKlasse 5Frau H\u00f6fnerKath. ReligionslehrerinFrau Masutti Frau HaugKlasse 6a Co-L\u2019in Klasse 6aFrau RaiserEv. ReligionslehrerinFrau Pallmer Frau Gei\u00dfAu\u00dfenklasse Albschule Klasse 6bHerr SchlesingerKlasse 7Frau KrebsKlasse 8Frau Dufner-NiemannKlasse 9aFrau EngelhardtP\u00e4d. AssistentinHerr PittlerKlasse 9bHerr UsselmannP\u00e4d. Assistent Musikp\u00e4dagogin: Frau Reuter Trainingsraum: Frau Shortt und Frau Bahners Schulleitung: Herr M. Memmert und Frau B. Masutti Verwaltung: Frau Bastian Schulsozialarbeiterin: Frau Lambert PC-Netzwerk: Herr Giesecke Homepage: Herr Imam\", \"Deutsch Female\");\n                }\n            };\n        <\/script>\n    \n","protected":false},"excerpt":{"rendered":"<p>Das Kollegium: Schuljahr 2025\/26 Frau Krempel Klasse 1 Frau Bernhardt Fachlehrerin Kunst\/Inklusion Frau Gla\u00df Klasse 2 Frau Sch\u00f6rk Fachlehrerin Technik Frau Steimle-Keck Klasse 3 Herr Giesecke Inklusion Frau Schmidt Klasse 3\/4 Herr Imam K-VAB (GSD) Inklusion Frau Volz Klasse 4 Frau de Friend Inklusion Frau Duscher Klasse 5 Frau H\u00f6fner Kath. Religionslehrerin Frau Masutti Frau Haug Klasse 6a Co-L\u2019in Klasse<\/p>\n<p><a class=\"more-link\" href=\"https:\/\/www.lidellschule.de\/?page_id=244\">Weiterlesen<\/a><\/p>\n","protected":false},"author":1,"featured_media":0,"parent":0,"menu_order":0,"comment_status":"closed","ping_status":"closed","template":"","meta":{"footnotes":""},"class_list":["post-244","page","type-page","status-publish","hentry"],"_links":{"self":[{"href":"https:\/\/www.lidellschule.de\/index.php?rest_route=\/wp\/v2\/pages\/244","targetHints":{"allow":["GET"]}}],"collection":[{"href":"https:\/\/www.lidellschule.de\/index.php?rest_route=\/wp\/v2\/pages"}],"about":[{"href":"https:\/\/www.lidellschule.de\/index.php?rest_route=\/wp\/v2\/types\/page"}],"author":[{"embeddable":true,"href":"https:\/\/www.lidellschule.de\/index.php?rest_route=\/wp\/v2\/users\/1"}],"replies":[{"embeddable":true,"href":"https:\/\/www.lidellschule.de\/index.php?rest_route=%2Fwp%2Fv2%2Fcomments&post=244"}],"version-history":[{"count":26,"href":"https:\/\/www.lidellschule.de\/index.php?rest_route=\/wp\/v2\/pages\/244\/revisions"}],"predecessor-version":[{"id":1247,"href":"https:\/\/www.lidellschule.de\/index.php?rest_route=\/wp\/v2\/pages\/244\/revisions\/1247"}],"wp:attachment":[{"href":"https:\/\/www.lidellschule.de\/index.php?rest_route=%2Fwp%2Fv2%2Fmedia&parent=244"}],"curies":[{"name":"wp","href":"https:\/\/api.w.org\/{rel}","templated":true}]}}