{"id":208,"date":"2022-03-27T21:30:15","date_gmt":"2022-03-27T19:30:15","guid":{"rendered":"https:\/\/lidellhp.uber.space\/?page_id=208"},"modified":"2022-05-22T03:23:06","modified_gmt":"2022-05-22T01:23:06","slug":"trainingsraum","status":"publish","type":"page","link":"https:\/\/www.lidellschule.de\/?page_id=208","title":{"rendered":"Trainingsraum"},"content":{"rendered":"\n<p>Das Trainingsraum-Modell<\/p>\n\n\n\n<p>Das Trainingsraum-Modell ist ein verhaltenstherapeutisches Modell mit dem Ziel, Sch\u00fcler*innen einen ungest\u00f6rten Unterricht zu erm\u00f6glichen. St\u00f6rende Sch\u00fcler*innen werden in den Trainingsraum entsandt, um \u00fcber ihr Verhalten nachzudenken und dieses m\u00f6glichst nachhaltig zu verbessern.<\/p>\n\n\n\n<p>Das Trainingsraum-Modell beinhaltet eine sehr enge Zusammenarbeit zwischen Lehrkr\u00e4ften, Schulleitung und Sch\u00fcler*innen, insofern dass nach einer bestimmten Anzahl von Trainingsraumbesuchen ein Elternteil entweder bei der Schulleitung oder bei der verantwortlichen Trainingsraumlehrkraft zum p\u00e4dagogischen Gespr\u00e4ch eingeladen wird.<\/p>\n\n\n<button id=\"listenButton1\" class=\"responsivevoice-button\" type=\"button\" value=\"Play\" title=\"ResponsiveVoice Tap to Start\/Stop Speech\"><span>&#128266; Beitrag vorlesen<\/span><\/button>\n        <script>\n            listenButton1.onclick = function(){\n                if(responsiveVoice.isPlaying()){\n                    responsiveVoice.cancel();\n                }else{\n                    responsiveVoice.speak(\"Das Trainingsraum-Modell Das Trainingsraum-Modell ist ein verhaltenstherapeutisches Modell mit dem Ziel, Sch\u00fcler*innen einen ungest\u00f6rten Unterricht zu erm\u00f6glichen. St\u00f6rende Sch\u00fcler*innen werden in den Trainingsraum entsandt, um \u00fcber ihr Verhalten nachzudenken und dieses m\u00f6glichst nachhaltig zu verbessern. Das Trainingsraum-Modell beinhaltet eine sehr enge Zusammenarbeit zwischen Lehrkr\u00e4ften, Schulleitung und Sch\u00fcler*innen, insofern dass nach einer bestimmten Anzahl von Trainingsraumbesuchen ein Elternteil entweder bei der Schulleitung oder bei der verantwortlichen Trainingsraumlehrkraft zum p\u00e4dagogischen Gespr\u00e4ch eingeladen wird.\", \"Deutsch Female\");\n                }\n            };\n        <\/script>\n    \n","protected":false},"excerpt":{"rendered":"<p>Das Trainingsraum-Modell Das Trainingsraum-Modell ist ein verhaltenstherapeutisches Modell mit dem Ziel, Sch\u00fcler*innen einen ungest\u00f6rten Unterricht zu erm\u00f6glichen. St\u00f6rende Sch\u00fcler*innen werden in den Trainingsraum entsandt, um \u00fcber ihr Verhalten nachzudenken und dieses m\u00f6glichst nachhaltig zu verbessern. Das Trainingsraum-Modell beinhaltet eine sehr enge Zusammenarbeit zwischen Lehrkr\u00e4ften, Schulleitung und Sch\u00fcler*innen, insofern dass nach einer bestimmten Anzahl von Trainingsraumbesuchen ein Elternteil entweder bei der<\/p>\n<p><a class=\"more-link\" href=\"https:\/\/www.lidellschule.de\/?page_id=208\">Weiterlesen<\/a><\/p>\n","protected":false},"author":1,"featured_media":0,"parent":0,"menu_order":0,"comment_status":"closed","ping_status":"closed","template":"","meta":{"footnotes":""},"class_list":["post-208","page","type-page","status-publish","hentry"],"_links":{"self":[{"href":"https:\/\/www.lidellschule.de\/index.php?rest_route=\/wp\/v2\/pages\/208","targetHints":{"allow":["GET"]}}],"collection":[{"href":"https:\/\/www.lidellschule.de\/index.php?rest_route=\/wp\/v2\/pages"}],"about":[{"href":"https:\/\/www.lidellschule.de\/index.php?rest_route=\/wp\/v2\/types\/page"}],"author":[{"embeddable":true,"href":"https:\/\/www.lidellschule.de\/index.php?rest_route=\/wp\/v2\/users\/1"}],"replies":[{"embeddable":true,"href":"https:\/\/www.lidellschule.de\/index.php?rest_route=%2Fwp%2Fv2%2Fcomments&post=208"}],"version-history":[{"count":2,"href":"https:\/\/www.lidellschule.de\/index.php?rest_route=\/wp\/v2\/pages\/208\/revisions"}],"predecessor-version":[{"id":468,"href":"https:\/\/www.lidellschule.de\/index.php?rest_route=\/wp\/v2\/pages\/208\/revisions\/468"}],"wp:attachment":[{"href":"https:\/\/www.lidellschule.de\/index.php?rest_route=%2Fwp%2Fv2%2Fmedia&parent=208"}],"curies":[{"name":"wp","href":"https:\/\/api.w.org\/{rel}","templated":true}]}}